{"id":650,"date":"2025-04-25T14:45:51","date_gmt":"2025-04-25T19:45:51","guid":{"rendered":"https:\/\/srhlandscapdev.wpenginepowered.com\/politica-de-privacidad\/"},"modified":"2026-02-18T11:55:43","modified_gmt":"2026-02-18T17:55:43","slug":"politica-de-privacidad","status":"publish","type":"page","link":"https:\/\/srhlandscapes.com\/es\/politica-de-privacidad\/","title":{"rendered":"Pol\u00edtica de privacidad"},"content":{"rendered":"\n<div style=\"height:65px\" aria-hidden=\"true\" class=\"wp-block-spacer wp-core-block container container--medium\"><\/div>\n\n<p class=\"wp-core-block container container--medium\"><strong>Pol\u00edtica de privacidad de SRH Landscapes<\/strong><\/p>\n\n<p class=\"wp-core-block container container--medium\">Proteger su informaci\u00f3n privada es nuestra prioridad. Esta Declaraci\u00f3n de privacidad se aplica a <a href=\"https:\/\/srhlandscapes.com\/es\/\">https:\/\/srhlandscapes.com<\/a> y a SRH Landscapes, y rige la recopilaci\u00f3n y el uso de datos. A los efectos de esta Pol\u00edtica de privacidad, a menos que se indique lo contrario, todas las referencias a SRH Landscapes incluyen <a href=\"https:\/\/srhlandscapes.com\/es\/\">https:\/\/srhlandscapes.com<\/a>. El sitio web de SRH Landscapes es un sitio web de servicios de jardiner\u00eda comercial. Al utilizar el sitio web de SRH Landscapes, usted acepta las pr\u00e1cticas de datos descritas en esta declaraci\u00f3n.    <\/p>\n\n<p class=\"wp-core-block container container--medium\"><strong>Recopilaci\u00f3n de su informaci\u00f3n personal<\/strong><\/p>\n\n<p class=\"wp-core-block container container--medium\">Con el fin de proporcionarle mejor los productos y servicios ofrecidos, SRH Landscapes puede recopilar informaci\u00f3n de identificaci\u00f3n personal, como su:<\/p>\n\n<ul class=\"wp-block-list wp-core-block container container--medium\">\n<li class=\"wp-core-block container container--medium\">Nombre y apellido<\/li>\n\n\n\n<li class=\"wp-core-block container container--medium\">Direcci\u00f3n de correo electr\u00f3nico<\/li>\n\n\n\n<li class=\"wp-core-block container container--medium\">N\u00famero de tel\u00e9fono<\/li>\n\n\n\n<li class=\"wp-core-block container container--medium\">Nombre de la empresa<\/li>\n\n\n\n<li class=\"wp-core-block container container--medium\">Direcci\u00f3n de la propiedad<\/li>\n<\/ul>\n\n<p class=\"wp-core-block container container--medium\"><\/p>\n\n<p class=\"wp-core-block container container--medium\">No recopilamos ninguna informaci\u00f3n personal sobre usted a menos que nos la proporcione voluntariamente.<\/p>\n\n<p class=\"wp-core-block container container--medium\">Sin embargo, es posible que deba proporcionarnos cierta informaci\u00f3n personal cuando elija utilizar ciertos productos o servicios. Estos pueden incluir: (a) solicitar un presupuesto o una consulta; (b) enviar un formulario de contacto; (c) participar en un sorteo o concurso patrocinado por nosotros o uno de nuestros socios; (d) registrarse para recibir ofertas especiales de terceros seleccionados; (e) enviarnos un mensaje de correo electr\u00f3nico; (f) enviar la informaci\u00f3n de su tarjeta de cr\u00e9dito u otra informaci\u00f3n de pago al realizar pedidos y comprar productos y servicios. En resumen, utilizaremos su informaci\u00f3n para, entre otras cosas, comunicarnos con usted en relaci\u00f3n con los servicios y\/o productos que nos haya solicitado. Tambi\u00e9n podemos recopilar informaci\u00f3n personal o no personal adicional en el futuro.         <\/p>\n\n<p class=\"wp-core-block container container--medium\"><strong>Uso de su informaci\u00f3n personal<\/strong><\/p>\n\n<p class=\"wp-core-block container container--medium\">SRH Landscapes recopila y utiliza su informaci\u00f3n personal para operar y prestar los servicios que ha solicitado.<\/p>\n\n<p class=\"wp-core-block container container--medium\">SRH Landscapes tambi\u00e9n puede utilizar su informaci\u00f3n de identificaci\u00f3n personal para informarle sobre otros productos o servicios disponibles de SRH Landscapes y sus filiales.<\/p>\n\n<p class=\"wp-core-block container container--medium\"><strong>Compartir informaci\u00f3n con terceros<\/strong><\/p>\n\n<p class=\"wp-core-block container container--medium\">SRH Landscapes no vende, alquila ni cede sus listas de clientes a terceros.<\/p>\n\n<p class=\"wp-core-block container container--medium\">SRH Landscapes puede compartir datos con socios de confianza para ayudar a realizar an\u00e1lisis estad\u00edsticos, enviarle correo electr\u00f3nico o correo postal, proporcionarle asistencia al cliente u organizar entregas. Se proh\u00edbe a todos estos terceros utilizar su informaci\u00f3n personal, excepto para proporcionar estos servicios a SRH Landscapes, y est\u00e1n obligados a mantener la confidencialidad de su informaci\u00f3n. <\/p>\n\n<p class=\"wp-core-block container container--medium\">SRH Landscapes puede divulgar su informaci\u00f3n personal, sin previo aviso, si as\u00ed lo exige la ley o si cree de buena fe que dicha acci\u00f3n es necesaria para: (a) cumplir con los edictos de la ley o cumplir con el proceso legal notificado a SRH Landscapes o al sitio; (b) proteger y defender los derechos o la propiedad de SRH Landscapes; y\/o (c) actuar en circunstancias extremas para proteger la seguridad personal de los usuarios de SRH Landscapes o del p\u00fablico.   <\/p>\n\n<p class=\"wp-core-block container container--medium\"><strong>Informaci\u00f3n recopilada autom\u00e1ticamente<\/strong><\/p>\n\n<p class=\"wp-core-block container container--medium\">SRH Landscapes puede recopilar autom\u00e1ticamente informaci\u00f3n sobre el hardware y el software de su ordenador. Esta informaci\u00f3n puede incluir: su direcci\u00f3n IP, tipo de navegador, nombres de dominio, horas de acceso y direcciones de sitios web de referencia. Esta informaci\u00f3n se utiliza para el funcionamiento del servicio, para mantener la calidad del servicio y para proporcionar estad\u00edsticas generales sobre el uso del sitio web de SRH Landscapes.  <\/p>\n\n<p class=\"wp-core-block container container--medium\"><strong>Enlaces<\/strong><\/p>\n\n<p class=\"wp-core-block container container--medium\">Este sitio web contiene enlaces a otros sitios. Tenga en cuenta que no somos responsables del contenido ni de las pr\u00e1cticas de privacidad de dichos sitios. Animamos a nuestros usuarios a que sean conscientes de cu\u00e1ndo abandonan nuestro sitio y a que lean las declaraciones de privacidad de cualquier otro sitio que recopile informaci\u00f3n de identificaci\u00f3n personal.  <\/p>\n\n<p class=\"wp-core-block container container--medium\"><strong>Seguridad de su informaci\u00f3n personal<\/strong><\/p>\n\n<p class=\"wp-core-block container container--medium\">SRH Landscapes protege su informaci\u00f3n personal del acceso, uso o divulgaci\u00f3n no autorizados. SRH Landscapes utiliza los siguientes m\u00e9todos para este fin: <\/p>\n\n<ul class=\"wp-block-list wp-core-block container container--medium\">\n<li class=\"wp-core-block container container--medium\">Protocolo SSL<\/li>\n<\/ul>\n\n<p class=\"wp-core-block container container--medium\">Cuando la informaci\u00f3n personal (como un n\u00famero de tarjeta de cr\u00e9dito) se transmite a otros sitios web, se protege mediante el uso de cifrado, como el protocolo Secure Sockets Layer (SSL).<\/p>\n\n<p class=\"wp-core-block container container--medium\">Nos esforzamos por tomar las medidas de seguridad adecuadas para proteger contra el acceso no autorizado o la alteraci\u00f3n de su informaci\u00f3n personal. Desafortunadamente, ninguna transmisi\u00f3n de datos a trav\u00e9s de Internet o de cualquier red inal\u00e1mbrica puede garantizarse al 100%. Como resultado, aunque nos esforzamos por proteger su informaci\u00f3n personal, usted reconoce que: (a) existen limitaciones de seguridad y privacidad inherentes a Internet que est\u00e1n fuera de nuestro control; y (b) no se puede garantizar la seguridad, la integridad y la privacidad de toda la informaci\u00f3n y los datos intercambiados entre usted y nosotros a trav\u00e9s de este sitio.    <\/p>\n\n<p class=\"wp-core-block container container--medium\"><strong>Derecho de supresi\u00f3n<\/strong><\/p>\n\n<p class=\"wp-core-block container container--medium\">Sujeto a ciertas excepciones que se establecen a continuaci\u00f3n, al recibir una solicitud verificable de usted, nosotros:<\/p>\n\n<ul class=\"wp-block-list wp-core-block container container--medium\">\n<li class=\"wp-core-block container container--medium\">Eliminaremos su informaci\u00f3n personal de nuestros registros; y<\/li>\n\n\n\n<li class=\"wp-core-block container container--medium\">Ordenaremos a cualquier proveedor de servicios que elimine su informaci\u00f3n personal de sus registros.<\/li>\n<\/ul>\n\n<p class=\"wp-core-block container container--medium\"><\/p>\n\n<p class=\"wp-core-block container container--medium\">Tenga en cuenta que es posible que no podamos cumplir con las solicitudes de eliminaci\u00f3n de su informaci\u00f3n personal si es necesario para:<\/p>\n\n<ul class=\"wp-block-list wp-core-block container container--medium\">\n<li class=\"wp-core-block container container--medium\">Completar la transacci\u00f3n para la que se recopil\u00f3 la informaci\u00f3n personal, cumplir con los t\u00e9rminos de una garant\u00eda escrita o una retirada de productos realizada de acuerdo con la ley federal, proporcionar un bien o servicio solicitado por usted, o razonablemente previsto dentro del contexto de nuestra relaci\u00f3n comercial continua con usted, o de otro modo ejecutar un contrato entre usted y nosotros;<\/li>\n\n\n\n<li class=\"wp-core-block container container--medium\">Detectar incidentes de seguridad, proteger contra actividades maliciosas, enga\u00f1osas, fraudulentas o ilegales; o enjuiciar a los responsables de dicha actividad;<\/li>\n\n\n\n<li class=\"wp-core-block container container--medium\">Depurar para identificar y reparar errores que perjudiquen la funcionalidad prevista existente;<\/li>\n\n\n\n<li class=\"wp-core-block container container--medium\">Ejercer la libertad de expresi\u00f3n, garantizar el derecho de otro consumidor a ejercer su derecho a la libertad de expresi\u00f3n o ejercer otro derecho previsto por la ley;<\/li>\n\n\n\n<li class=\"wp-core-block container container--medium\">Cumplir con la Ley de Privacidad de las Comunicaciones Electr\u00f3nicas de California;<\/li>\n\n\n\n<li class=\"wp-core-block container container--medium\">Participar en investigaciones cient\u00edficas, hist\u00f3ricas o estad\u00edsticas p\u00fablicas o revisadas por pares en el inter\u00e9s p\u00fablico que se adhieran a todas las dem\u00e1s leyes de \u00e9tica y privacidad aplicables, cuando nuestra eliminaci\u00f3n de la informaci\u00f3n pueda imposibilitar o perjudicar gravemente el logro de dicha investigaci\u00f3n, siempre que hayamos obtenido su consentimiento informado;<\/li>\n\n\n\n<li class=\"wp-core-block container container--medium\">Permitir \u00fanicamente usos internos que est\u00e9n razonablemente alineados con sus expectativas en funci\u00f3n de su relaci\u00f3n con nosotros;<\/li>\n\n\n\n<li class=\"wp-core-block container container--medium\">Cumplir con una obligaci\u00f3n legal existente; o<\/li>\n\n\n\n<li class=\"wp-core-block container container--medium\">De lo contrario, utilizar su informaci\u00f3n personal, internamente, de una manera legal que sea compatible con el contexto en el que proporcion\u00f3 la informaci\u00f3n.<\/li>\n<\/ul>\n\n<p class=\"wp-core-block container container--medium\"><\/p>\n\n<p class=\"wp-core-block container container--medium\"><strong>Ni\u00f1os menores de trece a\u00f1os<\/strong><\/p>\n\n<p class=\"wp-core-block container container--medium\">SRH Landscapes no recopila a sabiendas informaci\u00f3n de identificaci\u00f3n personal de ni\u00f1os menores de trece a\u00f1os. Si tiene menos de trece a\u00f1os, debe pedir permiso a sus padres o tutores para utilizar este sitio web. <\/p>\n\n<p class=\"wp-core-block container container--medium\"><strong>Comunicaciones por correo electr\u00f3nico<\/strong><\/p>\n\n<p class=\"wp-core-block container container--medium\">De vez en cuando, SRH Landscapes puede ponerse en contacto con usted por correo electr\u00f3nico con el fin de proporcionarle anuncios, ofertas promocionales, alertas, confirmaciones, encuestas y\/u otra comunicaci\u00f3n general.<\/p>\n\n<p class=\"wp-core-block container container--medium\">Si desea dejar de recibir comunicaciones de marketing o promocionales por correo electr\u00f3nico de SRH Landscapes, puede optar por no recibir dichas comunicaciones respondiendo STOP a los mensajes SMS o haciendo clic en el enlace UNSUBSCRIBE de los mensajes de correo electr\u00f3nico.<\/p>\n\n<p class=\"wp-core-block container container--medium\"><strong>Sitios externos de almacenamiento de datos<\/strong><\/p>\n\n<p class=\"wp-core-block container container--medium\">Podemos almacenar sus datos en servidores proporcionados por proveedores de alojamiento externos con los que hemos contratado.<\/p>\n\n<p class=\"wp-core-block container container--medium\"><strong>Cambios en esta declaraci\u00f3n<\/strong><\/p>\n\n<p class=\"wp-core-block container container--medium\">SRH Landscapes se reserva el derecho de cambiar esta Pol\u00edtica de privacidad de vez en cuando. Le notificaremos los cambios importantes en la forma en que tratamos la informaci\u00f3n personal enviando un aviso a la direcci\u00f3n de correo electr\u00f3nico principal especificada en su cuenta, colocando un aviso destacado en nuestro sitio web y\/o actualizando cualquier informaci\u00f3n de privacidad. Su uso continuado del sitio web y\/o de los Servicios disponibles despu\u00e9s de dichas modificaciones constituir\u00e1 su: (a) reconocimiento de la Pol\u00edtica de privacidad modificada; y (b) acuerdo de acatar y estar sujeto a dicha Pol\u00edtica.    <\/p>\n\n<p class=\"wp-core-block container container--medium\"><strong>Informaci\u00f3n de contacto<\/strong><\/p>\n\n<p class=\"wp-core-block container container--medium\">SRH Landscapes agradece sus preguntas o comentarios sobre esta Declaraci\u00f3n de privacidad. Si cree que SRH Landscapes no se ha adherido a esta Declaraci\u00f3n, p\u00f3ngase en contacto con SRH Landscapes en: <\/p>\n\n<p class=\"wp-core-block container container--medium\">SRH Landscapes<br\/>17714 Frank Jackson Dr.<br\/>Dallas, Texas 75252<\/p>\n\n<p class=\"wp-core-block container container--medium\">Direcci\u00f3n de correo electr\u00f3nico:<br\/>sales@srhlandscapes.com<\/p>\n\n<p class=\"wp-core-block container container--medium\">N\u00famero de tel\u00e9fono:<br\/>(972) 559-0033<\/p>\n\n<p class=\"wp-core-block container container--medium\">Vigente a partir del 19 de agosto de 2025<br\/><\/p>\n","protected":false},"excerpt":{"rendered":"<p>Pol\u00edtica de privacidad de SRH Landscapes Proteger su informaci\u00f3n privada es nuestra prioridad. Esta Declaraci\u00f3n de privacidad se aplica a https:\/\/srhlandscapes.com y a SRH Landscapes, y rige la recopilaci\u00f3n y el uso de datos. A los efectos de esta Pol\u00edtica de privacidad, a menos que se indique lo contrario, todas las referencias a SRH Landscapes [&hellip;]<\/p>\n","protected":false},"author":4,"featured_media":0,"parent":0,"menu_order":0,"comment_status":"closed","ping_status":"closed","template":"","meta":{"_acf_changed":false,"inline_featured_image":false,"footnotes":"","_links_to":"","_links_to_target":""},"categories":[],"class_list":["post-650","page","type-page","status-publish","hentry"],"yoast_head":"<!-- This site is optimized with the Yoast SEO plugin v27.1.1 - https:\/\/yoast.com\/product\/yoast-seo-wordpress\/ -->\n<title>Pol\u00edtica de privacidad | SRH Landscapes<\/title>\n<meta name=\"description\" content=\"Descubra c\u00f3mo SRH recopila, utiliza y protege su informaci\u00f3n personal a trav\u00e9s de nuestras pr\u00e1cticas de privacidad y pol\u00edticas de seguridad de datos.\" \/>\n<meta name=\"robots\" content=\"index, follow, max-snippet:-1, max-image-preview:large, max-video-preview:-1\" \/>\n<link rel=\"canonical\" href=\"https:\/\/srhlandscapes.com\/es\/politica-de-privacidad\/\" \/>\n<meta property=\"og:locale\" content=\"es_ES\" \/>\n<meta property=\"og:type\" content=\"article\" \/>\n<meta property=\"og:title\" content=\"Pol\u00edtica de privacidad | SRH Landscapes\" \/>\n<meta property=\"og:description\" content=\"Descubra c\u00f3mo SRH recopila, utiliza y protege su informaci\u00f3n personal a trav\u00e9s de nuestras pr\u00e1cticas de privacidad y pol\u00edticas de seguridad de datos.\" \/>\n<meta property=\"og:url\" content=\"https:\/\/srhlandscapes.com\/es\/politica-de-privacidad\/\" \/>\n<meta property=\"og:site_name\" content=\"SRH Landscapes\" \/>\n<meta property=\"article:modified_time\" content=\"2026-02-18T17:55:43+00:00\" \/>\n<meta name=\"twitter:card\" content=\"summary_large_image\" \/>\n<meta name=\"twitter:label1\" content=\"Tiempo de lectura\" \/>\n\t<meta name=\"twitter:data1\" content=\"7 minutos\" \/>\n<script type=\"application\/ld+json\" class=\"yoast-schema-graph\">{\"@context\":\"https:\/\/schema.org\",\"@graph\":[{\"@type\":\"WebPage\",\"@id\":\"https:\/\/srhlandscapes.com\/es\/politica-de-privacidad\/\",\"url\":\"https:\/\/srhlandscapes.com\/es\/politica-de-privacidad\/\",\"name\":\"Pol\u00edtica de privacidad | SRH Landscapes\",\"isPartOf\":{\"@id\":\"https:\/\/srhlandscapes.com\/es\/#website\"},\"datePublished\":\"2025-04-25T19:45:51+00:00\",\"dateModified\":\"2026-02-18T17:55:43+00:00\",\"description\":\"Descubra c\u00f3mo SRH recopila, utiliza y protege su informaci\u00f3n personal a trav\u00e9s de nuestras pr\u00e1cticas de privacidad y pol\u00edticas de seguridad de datos.\",\"breadcrumb\":{\"@id\":\"https:\/\/srhlandscapes.com\/es\/politica-de-privacidad\/#breadcrumb\"},\"inLanguage\":\"es\",\"potentialAction\":[{\"@type\":\"ReadAction\",\"target\":[\"https:\/\/srhlandscapes.com\/es\/politica-de-privacidad\/\"]}]},{\"@type\":\"BreadcrumbList\",\"@id\":\"https:\/\/srhlandscapes.com\/es\/politica-de-privacidad\/#breadcrumb\",\"itemListElement\":[{\"@type\":\"ListItem\",\"position\":1,\"name\":\"Inicio\",\"item\":\"https:\/\/srhlandscapes.com\/es\/\"},{\"@type\":\"ListItem\",\"position\":2,\"name\":\"Pol\u00edtica de privacidad\"}]},{\"@type\":\"WebSite\",\"@id\":\"https:\/\/srhlandscapes.com\/es\/#website\",\"url\":\"https:\/\/srhlandscapes.com\/es\/\",\"name\":\"SRH Landscapes\",\"description\":\"\",\"potentialAction\":[{\"@type\":\"SearchAction\",\"target\":{\"@type\":\"EntryPoint\",\"urlTemplate\":\"https:\/\/srhlandscapes.com\/es\/?s={search_term_string}\"},\"query-input\":{\"@type\":\"PropertyValueSpecification\",\"valueRequired\":true,\"valueName\":\"search_term_string\"}}],\"inLanguage\":\"es\"}]}<\/script>\n<!-- \/ Yoast SEO plugin. -->","yoast_head_json":{"title":"Pol\u00edtica de privacidad | SRH Landscapes","description":"Descubra c\u00f3mo SRH recopila, utiliza y protege su informaci\u00f3n personal a trav\u00e9s de nuestras pr\u00e1cticas de privacidad y pol\u00edticas de seguridad de datos.","robots":{"index":"index","follow":"follow","max-snippet":"max-snippet:-1","max-image-preview":"max-image-preview:large","max-video-preview":"max-video-preview:-1"},"canonical":"https:\/\/srhlandscapes.com\/es\/politica-de-privacidad\/","og_locale":"es_ES","og_type":"article","og_title":"Pol\u00edtica de privacidad | SRH Landscapes","og_description":"Descubra c\u00f3mo SRH recopila, utiliza y protege su informaci\u00f3n personal a trav\u00e9s de nuestras pr\u00e1cticas de privacidad y pol\u00edticas de seguridad de datos.","og_url":"https:\/\/srhlandscapes.com\/es\/politica-de-privacidad\/","og_site_name":"SRH Landscapes","article_modified_time":"2026-02-18T17:55:43+00:00","twitter_card":"summary_large_image","twitter_misc":{"Tiempo de lectura":"7 minutos"},"schema":{"@context":"https:\/\/schema.org","@graph":[{"@type":"WebPage","@id":"https:\/\/srhlandscapes.com\/es\/politica-de-privacidad\/","url":"https:\/\/srhlandscapes.com\/es\/politica-de-privacidad\/","name":"Pol\u00edtica de privacidad | SRH Landscapes","isPartOf":{"@id":"https:\/\/srhlandscapes.com\/es\/#website"},"datePublished":"2025-04-25T19:45:51+00:00","dateModified":"2026-02-18T17:55:43+00:00","description":"Descubra c\u00f3mo SRH recopila, utiliza y protege su informaci\u00f3n personal a trav\u00e9s de nuestras pr\u00e1cticas de privacidad y pol\u00edticas de seguridad de datos.","breadcrumb":{"@id":"https:\/\/srhlandscapes.com\/es\/politica-de-privacidad\/#breadcrumb"},"inLanguage":"es","potentialAction":[{"@type":"ReadAction","target":["https:\/\/srhlandscapes.com\/es\/politica-de-privacidad\/"]}]},{"@type":"BreadcrumbList","@id":"https:\/\/srhlandscapes.com\/es\/politica-de-privacidad\/#breadcrumb","itemListElement":[{"@type":"ListItem","position":1,"name":"Inicio","item":"https:\/\/srhlandscapes.com\/es\/"},{"@type":"ListItem","position":2,"name":"Pol\u00edtica de privacidad"}]},{"@type":"WebSite","@id":"https:\/\/srhlandscapes.com\/es\/#website","url":"https:\/\/srhlandscapes.com\/es\/","name":"SRH Landscapes","description":"","potentialAction":[{"@type":"SearchAction","target":{"@type":"EntryPoint","urlTemplate":"https:\/\/srhlandscapes.com\/es\/?s={search_term_string}"},"query-input":{"@type":"PropertyValueSpecification","valueRequired":true,"valueName":"search_term_string"}}],"inLanguage":"es"}]}},"acf":[],"_links":{"self":[{"href":"https:\/\/srhlandscapes.com\/es\/wp-json\/wp\/v2\/pages\/650","targetHints":{"allow":["GET"]}}],"collection":[{"href":"https:\/\/srhlandscapes.com\/es\/wp-json\/wp\/v2\/pages"}],"about":[{"href":"https:\/\/srhlandscapes.com\/es\/wp-json\/wp\/v2\/types\/page"}],"author":[{"embeddable":true,"href":"https:\/\/srhlandscapes.com\/es\/wp-json\/wp\/v2\/users\/4"}],"replies":[{"embeddable":true,"href":"https:\/\/srhlandscapes.com\/es\/wp-json\/wp\/v2\/comments?post=650"}],"version-history":[{"count":0,"href":"https:\/\/srhlandscapes.com\/es\/wp-json\/wp\/v2\/pages\/650\/revisions"}],"wp:attachment":[{"href":"https:\/\/srhlandscapes.com\/es\/wp-json\/wp\/v2\/media?parent=650"}],"wp:term":[{"taxonomy":"category","embeddable":true,"href":"https:\/\/srhlandscapes.com\/es\/wp-json\/wp\/v2\/categories?post=650"}],"curies":[{"name":"wp","href":"https:\/\/api.w.org\/{rel}","templated":true}]}}